{"id":1328,"date":"2024-08-10T21:03:16","date_gmt":"2024-08-10T15:33:16","guid":{"rendered":"https:\/\/olyve.tanshcreative.com\/?page_id=1328"},"modified":"2025-12-31T16:28:11","modified_gmt":"2025-12-31T16:28:11","slug":"createur-de-prestige","status":"publish","type":"page","link":"https:\/\/stevelucas.fr\/en\/createur-de-prestige\/","title":{"rendered":"Cr\u00e9ateur de Prestige"},"content":{"rendered":"<div data-elementor-type=\"wp-page\" data-elementor-id=\"1328\" class=\"elementor elementor-1328\">\n\t\t\t\t<section class=\"elementor-element elementor-element-742cd344 e-flex e-con-boxed e-con e-parent\" data-id=\"742cd344\" data-element_type=\"container\" data-e-type=\"container\">\n\t\t\t\t\t<div class=\"e-con-inner\">\n\t\t<div class=\"elementor-element elementor-element-3fba839b e-con-full e-flex e-con e-child\" data-id=\"3fba839b\" data-element_type=\"container\" data-e-type=\"container\">\n\t\t<div class=\"elementor-element elementor-element-217d79c2 e-con-full e-flex e-con e-child\" data-id=\"217d79c2\" data-element_type=\"container\" data-e-type=\"container\" data-settings=\"{&quot;background_background&quot;:&quot;classic&quot;}\">\n\t\t\t\t<div class=\"elementor-element elementor-element-42eb6af9 elementor-align-left elementor-widget elementor-widget-dtr-theme-heading\" data-id=\"42eb6af9\" data-element_type=\"widget\" data-e-type=\"widget\" data-widget_type=\"dtr-theme-heading.default\">\n\t\t\t\t<div class=\"elementor-widget-container\">\n\t\t\t\t\t            <h4 class=\"dtr-heading dtr-heading__default dtr-text--color-three\">Services<\/h4>\r\n    \t\t\t\t<\/div>\n\t\t\t\t<\/div>\n\t\t\t\t<div class=\"elementor-element elementor-element-2ccf2639 elementor-widget elementor-widget-spacer\" data-id=\"2ccf2639\" data-element_type=\"widget\" data-e-type=\"widget\" data-widget_type=\"spacer.default\">\n\t\t\t\t\t\t\t<div class=\"elementor-spacer\">\n\t\t\t<div class=\"elementor-spacer-inner\"><\/div>\n\t\t<\/div>\n\t\t\t\t\t\t<\/div>\n\t\t\t\t<div class=\"elementor-element elementor-element-19d72d00 elementor-widget elementor-widget-wp-widget-nav_menu\" data-id=\"19d72d00\" data-element_type=\"widget\" data-e-type=\"widget\" data-widget_type=\"wp-widget-nav_menu.default\">\n\t\t\t\t<div class=\"elementor-widget-container\">\n\t\t\t\t\t<nav class=\"menu-primary-menu-container\" aria-label=\"Menu\"><ul id=\"menu-primary-menu\" class=\"menu\"><li id=\"menu-item-27\" class=\"menu-item menu-item-type-custom menu-item-object-custom menu-item-27\"><a href=\"https:\/\/stevelucas.fr\/en\/#services\">M\u00e9thodes<\/a><\/li>\n<li id=\"menu-item-28\" class=\"menu-item menu-item-type-custom menu-item-object-custom menu-item-28\"><a href=\"https:\/\/stevelucas.fr\/en\/#portfolio\">Portfolio<\/a><\/li>\n<li id=\"menu-item-29\" class=\"menu-item menu-item-type-custom menu-item-object-custom menu-item-29\"><a href=\"https:\/\/stevelucas.fr\/en\/#about\">A propos<\/a><\/li>\n<li id=\"menu-item-30\" class=\"menu-item menu-item-type-custom menu-item-object-custom menu-item-30\"><a href=\"https:\/\/stevelucas.fr\/en\/#testimonials\">T\u00e9moignages<\/a><\/li>\n<li id=\"menu-item-31\" class=\"menu-item menu-item-type-custom menu-item-object-custom menu-item-31\"><a href=\"https:\/\/stevelucas.fr\/en\/#contact\">Contact<\/a><\/li>\n<\/ul><\/nav>\t\t\t\t<\/div>\n\t\t\t\t<\/div>\n\t\t\t\t<\/div>\n\t\t\t\t<\/div>\n\t\t<div class=\"elementor-element elementor-element-5607f442 e-con-full e-flex e-con e-child\" data-id=\"5607f442\" data-element_type=\"container\" data-e-type=\"container\">\n\t\t\t\t<div class=\"elementor-element elementor-element-3ceb96df elementor-align-left elementor-widget elementor-widget-dtr-theme-heading\" data-id=\"3ceb96df\" data-element_type=\"widget\" data-e-type=\"widget\" data-widget_type=\"dtr-theme-heading.default\">\n\t\t\t\t<div class=\"elementor-widget-container\">\n\t\t\t\t\t            <h2 class=\"dtr-heading dtr-heading__default dtr-text--color-three\">L\u2019art de faire d\u2019un message une exp\u00e9rience \u00e9motionnelle unique.<\/h2>\r\n    \t\t\t\t<\/div>\n\t\t\t\t<\/div>\n\t\t\t\t<div class=\"elementor-element elementor-element-7cd92f75 elementor-widget elementor-widget-image\" data-id=\"7cd92f75\" data-element_type=\"widget\" data-e-type=\"widget\" data-widget_type=\"image.default\">\n\t\t\t\t\t\t\t\t\t\t\t\t\t\t\t<img fetchpriority=\"high\" decoding=\"async\" width=\"1997\" height=\"993\" src=\"https:\/\/stevelucas.fr\/wp-content\/uploads\/2025\/12\/55D0506A-E0D2-400C-A8A5-7705ACEFF180_1_201_a.jpeg\" class=\"attachment-2048x2048 size-2048x2048 wp-image-2637\" alt=\"\" srcset=\"https:\/\/stevelucas.fr\/wp-content\/uploads\/2025\/12\/55D0506A-E0D2-400C-A8A5-7705ACEFF180_1_201_a.jpeg 1997w, https:\/\/stevelucas.fr\/wp-content\/uploads\/2025\/12\/55D0506A-E0D2-400C-A8A5-7705ACEFF180_1_201_a-300x149.jpeg 300w, https:\/\/stevelucas.fr\/wp-content\/uploads\/2025\/12\/55D0506A-E0D2-400C-A8A5-7705ACEFF180_1_201_a-1024x509.jpeg 1024w, https:\/\/stevelucas.fr\/wp-content\/uploads\/2025\/12\/55D0506A-E0D2-400C-A8A5-7705ACEFF180_1_201_a-768x382.jpeg 768w, https:\/\/stevelucas.fr\/wp-content\/uploads\/2025\/12\/55D0506A-E0D2-400C-A8A5-7705ACEFF180_1_201_a-1536x764.jpeg 1536w\" sizes=\"(max-width: 1997px) 100vw, 1997px\" title=\"\">\t\t\t\t\t\t\t\t\t\t\t\t\t\t\t<\/div>\n\t\t\t\t<div class=\"elementor-element elementor-element-40894bcc elementor-widget elementor-widget-text-editor\" data-id=\"40894bcc\" data-element_type=\"widget\" data-e-type=\"widget\" data-widget_type=\"text-editor.default\">\n\t\t\t\t\t\t\t\t\t<p data-pm-slice=\"1 1 []\">Le prestige n&#8217;est pas un statut, c&#8217;est une sensation. C&#8217;est ce frisson imperceptible qui parcourt un client lorsqu&#8217;il entre dans un lieu d&#8217;exception ou d\u00e9couvre un service rare. Mon expertise, forg\u00e9e au c\u0153ur du luxe \u00e0 Duba\u00ef, est de concevoir ces moments suspendus. Je travaille sur l&#8217;immat\u00e9riel \u2014 l&#8217;atmosph\u00e8re, le service, l&#8217;exclusivit\u00e9 \u2014 pour \u00e9lever votre marque au rang d&#8217;ic\u00f4ne d\u00e9sir\u00e9e.<\/p>\t\t\t\t\t\t\t\t<\/div>\n\t\t\t\t<div class=\"elementor-element elementor-element-f02e3f8 elementor-align-left elementor-widget elementor-widget-dtr-theme-heading\" data-id=\"f02e3f8\" data-element_type=\"widget\" data-e-type=\"widget\" data-widget_type=\"dtr-theme-heading.default\">\n\t\t\t\t<div class=\"elementor-widget-container\">\n\t\t\t\t\t            <h2 class=\"dtr-heading dtr-heading__default dtr-text--color-three\">L'Ing\u00e9nierie de l'\u00c9motion.<\/h2>\r\n    \t\t\t\t<\/div>\n\t\t\t\t<\/div>\n\t\t\t\t<div class=\"elementor-element elementor-element-1322a82 elementor-widget elementor-widget-text-editor\" data-id=\"1322a82\" data-element_type=\"widget\" data-e-type=\"widget\" data-widget_type=\"text-editor.default\">\n\t\t\t\t\t\t\t\t\t<p data-pm-slice=\"1 1 []\">Dans l&#8217;univers du haut de gamme, le produit est un pr\u00e9requis ; l&#8217;exp\u00e9rience est la cl\u00e9. Mon m\u00e9tier est de sc\u00e9nariser cette exp\u00e9rience. Qu&#8217;il s&#8217;agisse de l&#8217;hospitalit\u00e9 5 \u00e9toiles de l&#8217;<strong>Armani Hotel<\/strong> ou de l&#8217;immobilier ultra-luxe d&#8217;<strong>Emaar<\/strong>, j&#8217;applique une rigueur quasi chirurgicale \u00e0 la cr\u00e9ation d&#8217;\u00e9motions. Je fusionne les codes du tourisme, de la culture et du &#8220;palace&#8221; pour cr\u00e9er des univers o\u00f9 le client se sent unique, compris et valoris\u00e9. Je ne vends pas des m\u00e8tres carr\u00e9s ou des nuit\u00e9es, je vends de l&#8217;appartenance \u00e0 un monde privil\u00e9gi\u00e9.<\/p>\t\t\t\t\t\t\t\t<\/div>\n\t\t\t\t<div class=\"elementor-element elementor-element-821059b elementor-align-left elementor-widget elementor-widget-dtr-theme-heading\" data-id=\"821059b\" data-element_type=\"widget\" data-e-type=\"widget\" data-widget_type=\"dtr-theme-heading.default\">\n\t\t\t\t<div class=\"elementor-widget-container\">\n\t\t\t\t\t            <h3 class=\"dtr-heading dtr-heading__default dtr-text--color-three\">Les Codes de l'Exception.<\/h3>\r\n    \t\t\t\t<\/div>\n\t\t\t\t<\/div>\n\t\t\t\t<div class=\"elementor-element elementor-element-64060992 elementor-widget elementor-widget-dtr-iconhead\" data-id=\"64060992\" data-element_type=\"widget\" data-e-type=\"widget\" data-widget_type=\"dtr-iconhead.default\">\n\t\t\t\t<div class=\"elementor-widget-container\">\n\t\t\t\t\t        <div class=\"dtr-iconhead dtr-iconhead--align-left dtr-iconhead--style-default  dtr-radius--round\">\r\n        <div class=\"dtr-icon dtr-iconhead__icon\">\r\n                                 <i class=\"icon-box-fill\" aria-hidden=\"true\"><\/i>\r\n                   \r\n            <\/div>\r\n                        \t<p class=\"dtr-iconhead__heading\">01. Curation &amp; Partenariats d'Excellence<\/p>\r\n                        <\/div>\r\n\t\t\t\t<\/div>\n\t\t\t\t<\/div>\n\t\t\t\t<div class=\"elementor-element elementor-element-772f800 elementor-widget elementor-widget-text-editor\" data-id=\"772f800\" data-element_type=\"widget\" data-e-type=\"widget\" data-widget_type=\"text-editor.default\">\n\t\t\t\t\t\t\t\t\t<p data-pm-slice=\"1 1 []\">Le prestige se nourrit de compagnies choisies. Je tisse des alliances strat\u00e9giques avec des marques affinitaires (Gastronomie, Art, Mode) pour enrichir votre univers. Ces collaborations, comme celles men\u00e9es avec des maisons de couture ou des artistes, transf\u00e8rent leur aura sur votre marque.<\/p>\t\t\t\t\t\t\t\t<\/div>\n\t\t\t\t<div class=\"elementor-element elementor-element-ccd4bea elementor-widget elementor-widget-dtr-iconhead\" data-id=\"ccd4bea\" data-element_type=\"widget\" data-e-type=\"widget\" data-widget_type=\"dtr-iconhead.default\">\n\t\t\t\t<div class=\"elementor-widget-container\">\n\t\t\t\t\t        <div class=\"dtr-iconhead dtr-iconhead--align-left dtr-iconhead--style-default  dtr-radius--round\">\r\n        <div class=\"dtr-icon dtr-iconhead__icon\">\r\n                                 <i class=\"icon-hand-thumbs-up-fill\" aria-hidden=\"true\"><\/i>\r\n                   \r\n            <\/div>\r\n                        \t<p class=\"dtr-iconhead__heading\">02. Sc\u00e9narisation du Parcours Client (CX)<\/p>\r\n                        <\/div>\r\n\t\t\t\t<\/div>\n\t\t\t\t<\/div>\n\t\t\t\t<div class=\"elementor-element elementor-element-3da38850 elementor-widget elementor-widget-text-editor\" data-id=\"3da38850\" data-element_type=\"widget\" data-e-type=\"widget\" data-widget_type=\"text-editor.default\">\n\t\t\t\t\t\t\t\t\t<p data-pm-slice=\"1 1 []\">Le luxe est une attention de chaque instant. J&#8217;analyse et optimise chaque point de contact du parcours client, de la premi\u00e8re recherche digitale \u00e0 l&#8217;exp\u00e9rience in-situ. Nous \u00e9liminons les frictions pour ne laisser place qu&#8217;\u00e0 la fluidit\u00e9 et \u00e0 l&#8217;enchantement.<\/p>\t\t\t\t\t\t\t\t<\/div>\n\t\t\t\t<div class=\"elementor-element elementor-element-13a13de1 elementor-widget elementor-widget-dtr-iconhead\" data-id=\"13a13de1\" data-element_type=\"widget\" data-e-type=\"widget\" data-widget_type=\"dtr-iconhead.default\">\n\t\t\t\t<div class=\"elementor-widget-container\">\n\t\t\t\t\t        <div class=\"dtr-iconhead dtr-iconhead--align-left dtr-iconhead--style-default  dtr-radius--round\">\r\n        <div class=\"dtr-icon dtr-iconhead__icon\">\r\n                                 <i class=\"icon-bullseye\" aria-hidden=\"true\"><\/i>\r\n                   \r\n            <\/div>\r\n                        \t<p class=\"dtr-iconhead__heading\">03. Marketing Sensoriel &amp; Atmosph\u00e8re\n<\/p>\r\n                        <\/div>\r\n\t\t\t\t<\/div>\n\t\t\t\t<\/div>\n\t\t\t\t<div class=\"elementor-element elementor-element-9a726c4 elementor-widget elementor-widget-text-editor\" data-id=\"9a726c4\" data-element_type=\"widget\" data-e-type=\"widget\" data-widget_type=\"text-editor.default\">\n\t\t\t\t\t\t\t\t\t<p data-pm-slice=\"1 1 []\">Une marque de prestige se ressent. Je travaille sur la mise en sc\u00e8ne de vos espaces et de vos \u00e9v\u00e9nements. La lumi\u00e8re, le son, le service : tout concourt \u00e0 cr\u00e9er une atmosph\u00e8re &#8220;signature&#8221; qui enveloppe le client et ancre le souvenir de votre marque dans sa m\u00e9moire sensorielle.<\/p>\t\t\t\t\t\t\t\t<\/div>\n\t\t\t\t<div class=\"elementor-element elementor-element-ae1e7b3 elementor-widget elementor-widget-dtr-iconhead\" data-id=\"ae1e7b3\" data-element_type=\"widget\" data-e-type=\"widget\" data-widget_type=\"dtr-iconhead.default\">\n\t\t\t\t<div class=\"elementor-widget-container\">\n\t\t\t\t\t        <div class=\"dtr-iconhead dtr-iconhead--align-left dtr-iconhead--style-default  dtr-radius--round\">\r\n        <div class=\"dtr-icon dtr-iconhead__icon\">\r\n                                 <i class=\"icon-eye-fill\" aria-hidden=\"true\"><\/i>\r\n                   \r\n            <\/div>\r\n                        \t<p class=\"dtr-iconhead__heading\">03. Marketing Sensoriel &amp; Atmosph\u00e8re\n<\/p>\r\n                        <\/div>\r\n\t\t\t\t<\/div>\n\t\t\t\t<\/div>\n\t\t\t\t<div class=\"elementor-element elementor-element-7b57b86 elementor-widget elementor-widget-text-editor\" data-id=\"7b57b86\" data-element_type=\"widget\" data-e-type=\"widget\" data-widget_type=\"text-editor.default\">\n\t\t\t\t\t\t\t\t\t<p data-pm-slice=\"1 1 []\">Pour marquer les esprits, il faut cr\u00e9er l&#8217;\u00e9v\u00e9nement. Je con\u00e7ois des moments forts (Lancements VVIP, Vernissages, Galas) qui ne sont pas de simples r\u00e9ceptions, mais des d\u00e9monstrations de puissance et d&#8217;\u00e9l\u00e9gance, g\u00e9n\u00e9rant un bouche-\u00e0-oreille ultra-qualifi\u00e9.<\/p>\t\t\t\t\t\t\t\t<\/div>\n\t\t\t\t<div class=\"elementor-element elementor-element-73d778b elementor-align-left elementor-widget elementor-widget-dtr-theme-heading\" data-id=\"73d778b\" data-element_type=\"widget\" data-e-type=\"widget\" data-widget_type=\"dtr-theme-heading.default\">\n\t\t\t\t<div class=\"elementor-widget-container\">\n\t\t\t\t\t            <h2 class=\"dtr-heading dtr-heading__default dtr-text--color-three\">Les Codes de l'Exception.<\/h2>\r\n    \t\t\t\t<\/div>\n\t\t\t\t<\/div>\n\t\t\t\t<div class=\"elementor-element elementor-element-46ec00d elementor-widget elementor-widget-image\" data-id=\"46ec00d\" data-element_type=\"widget\" data-e-type=\"widget\" data-widget_type=\"image.default\">\n\t\t\t\t\t\t\t\t\t\t\t\t\t\t\t<img decoding=\"async\" src=\"https:\/\/stevelucas.fr\/wp-content\/uploads\/elementor\/thumbs\/297F984F-7F7C-4EC6-B415-4302E8F41553-rgytievqlx2qctbqm891ndx8pq6xx3r6n96wqwdsw8.png\" title=\"297F984F-7F7C-4EC6-B415-4302E8F41553\" alt=\"297F984F-7F7C-4EC6-B415-4302E8F41553\" loading=\"lazy\" \/>\t\t\t\t\t\t\t\t\t\t\t\t\t\t\t<\/div>\n\t\t\t\t<div class=\"elementor-element elementor-element-26b46b39 elementor-widget elementor-widget-text-editor\" data-id=\"26b46b39\" data-element_type=\"widget\" data-e-type=\"widget\" data-widget_type=\"text-editor.default\">\n\t\t\t\t\t\t\t\t\t<h4 data-pm-slice=\"1 1 []\"><strong>The Address Sky View &#8220;The Sky Collection&#8221;<\/strong><\/h4><p data-pm-slice=\"1 1 []\">Pour vendre les penthouses les plus chers de Duba\u00ef, la publicit\u00e9 ne suffisait pas. Il fallait cr\u00e9er le d\u00e9sir pur. Nous avons orchestr\u00e9 un lancement VVIP ultra-exclusif, sur invitation seulement, trait\u00e9 comme un vernissage d&#8217;art. R\u00e9sultat : 17 r\u00e9sidences vendues en 2 heures, une performance historique.<\/p>\t\t\t\t\t\t\t\t<\/div>\n\t\t\t\t<div class=\"elementor-element elementor-element-63a8d9e elementor-widget elementor-widget-image\" data-id=\"63a8d9e\" data-element_type=\"widget\" data-e-type=\"widget\" data-widget_type=\"image.default\">\n\t\t\t\t\t\t\t\t\t\t\t\t\t\t\t<img decoding=\"async\" src=\"https:\/\/stevelucas.fr\/wp-content\/uploads\/elementor\/thumbs\/D2C7D7CC-3B20-46A5-B94A-3AA86FC7C68D-scaled-rgytgnwjw0oiqxv7tz11ibtcwwtcldt62lhdlcz6h4.jpeg\" title=\"D2C7D7CC-3B20-46A5-B94A-3AA86FC7C68D\" alt=\"D2C7D7CC-3B20-46A5-B94A-3AA86FC7C68D\" loading=\"lazy\" \/>\t\t\t\t\t\t\t\t\t\t\t\t\t\t\t<\/div>\n\t\t\t\t<div class=\"elementor-element elementor-element-fc9ad4b elementor-widget elementor-widget-text-editor\" data-id=\"fc9ad4b\" data-element_type=\"widget\" data-e-type=\"widget\" data-widget_type=\"text-editor.default\">\n\t\t\t\t\t\t\t\t\t<h4 data-pm-slice=\"1 1 []\"><strong>Armani Hotel Dubai<\/strong><\/h4><p data-pm-slice=\"1 1 []\">Travailler pour une telle maison exige une pr\u00e9cision absolue. J&#8217;ai contribu\u00e9 \u00e0 maintenir le positionnement ultra-premium de l&#8217;h\u00f4tel en alignant chaque communication sur les standards intransigeants de la maison de couture italienne, garantissant une coh\u00e9rence totale entre la promesse de la marque et la r\u00e9alit\u00e9 de l&#8217;exp\u00e9rience client.<\/p>\t\t\t\t\t\t\t\t<\/div>\n\t\t\t\t<\/div>\n\t\t\t\t\t<\/div>\n\t\t\t\t<\/section>\n\t\t\t\t<\/div>","protected":false},"excerpt":{"rendered":"<p>Services L\u2019art de faire d\u2019un message une exp\u00e9rience \u00e9motionnelle unique. Le prestige n&#8217;est pas un statut, c&#8217;est une sensation. C&#8217;est ce frisson imperceptible qui parcourt un client lorsqu&#8217;il entre dans un lieu d&#8217;exception ou d\u00e9couvre un service rare. Mon expertise, forg\u00e9e au c\u0153ur du luxe \u00e0 Duba\u00ef, est de concevoir ces moments suspendus. Je travaille [&hellip;]<\/p>\n","protected":false},"author":1,"featured_media":0,"parent":0,"menu_order":0,"comment_status":"closed","ping_status":"closed","template":"","meta":{"footnotes":""},"class_list":["post-1328","page","type-page","status-publish","hentry"],"_links":{"self":[{"href":"https:\/\/stevelucas.fr\/en\/wp-json\/wp\/v2\/pages\/1328","targetHints":{"allow":["GET"]}}],"collection":[{"href":"https:\/\/stevelucas.fr\/en\/wp-json\/wp\/v2\/pages"}],"about":[{"href":"https:\/\/stevelucas.fr\/en\/wp-json\/wp\/v2\/types\/page"}],"author":[{"embeddable":true,"href":"https:\/\/stevelucas.fr\/en\/wp-json\/wp\/v2\/users\/1"}],"replies":[{"embeddable":true,"href":"https:\/\/stevelucas.fr\/en\/wp-json\/wp\/v2\/comments?post=1328"}],"version-history":[{"count":16,"href":"https:\/\/stevelucas.fr\/en\/wp-json\/wp\/v2\/pages\/1328\/revisions"}],"predecessor-version":[{"id":2665,"href":"https:\/\/stevelucas.fr\/en\/wp-json\/wp\/v2\/pages\/1328\/revisions\/2665"}],"wp:attachment":[{"href":"https:\/\/stevelucas.fr\/en\/wp-json\/wp\/v2\/media?parent=1328"}],"curies":[{"name":"wp","href":"https:\/\/api.w.org\/{rel}","templated":true}]}}